{"id":1714,"date":"2018-01-11T17:15:17","date_gmt":"2018-01-11T15:15:17","guid":{"rendered":"http:\/\/annekatrinpuhle.de\/blog\/?page_id=1714"},"modified":"2024-08-16T17:50:13","modified_gmt":"2024-08-16T15:50:13","slug":"buch-traumen-2","status":"publish","type":"page","link":"https:\/\/annekatrinpuhle.de\/blog\/?page_id=1714","title":{"rendered":"Buch: Tr\u00e4umen"},"content":{"rendered":"<\/p>\n<p><iframe loading=\"lazy\" title=\"Wie Sie gut schlafen und etwas Sch\u00f6nes tr\u00e4umen \u2013 Annekatrin Puhle\" width=\"500\" height=\"281\" src=\"https:\/\/www.youtube.com\/embed\/PTJo_xwVLIo?feature=oembed\" frameborder=\"0\" allow=\"accelerometer; autoplay; clipboard-write; encrypted-media; gyroscope; picture-in-picture; web-share\" referrerpolicy=\"strict-origin-when-cross-origin\" allowfullscreen><\/iframe><\/p>\n<p><a href=\"http:\/\/annekatrinpuhle.de\/blog\/wp-content\/uploads\/Cover-Tr\u00e4umen.jpg\"><img loading=\"lazy\" decoding=\"async\" class=\"alignnone size-medium wp-image-1665\" src=\"http:\/\/annekatrinpuhle.de\/blog\/wp-content\/uploads\/Cover-Tr\u00e4umen-210x300.jpg\" alt=\"Cover Tr\u00e4umen\" width=\"210\" height=\"300\" srcset=\"https:\/\/annekatrinpuhle.de\/blog\/wp-content\/uploads\/Cover-Tr\u00e4umen-210x300.jpg 210w, https:\/\/annekatrinpuhle.de\/blog\/wp-content\/uploads\/Cover-Tr\u00e4umen.jpg 239w\" sizes=\"auto, (max-width: 210px) 100vw, 210px\" \/><\/a><\/p>\n<p><strong>Das grosse Buch vom Tr\u00e4umen. Wie Sie gut schlafen und etwas Sch\u00f6nes tr\u00e4umen.<\/strong> Saarbr\u00fccken: Neue Erde. 256 Seiten. ISBN 978-3-89060-719-1<\/p>\n<p><strong>E-Book:<\/strong><\/p>\n<p><a href=\"https:\/\/amzn.eu\/d\/0gpU5PLh\">https:\/\/amzn.eu\/d\/0gpU5PLh<\/a><\/p>\n<p><strong>H\u00f6rbuch:<\/strong><\/p>\n<p><a href=\"https:\/\/www.audible.de\/pd\/B0DCPC1PSP\/?source_code=EKAORWS0223189009-BK-ACX0-409219&amp;ref=acx_bty_BK_ACX0_409219_rh_de\">https:\/\/www.audible.de\/pd\/B0DCPC1PSP\/?source_code=EKAORWS0223189009-BK-ACX0-409219&amp;ref=acx_bty_BK_ACX0_409219_rh_de<\/a><\/p>\n<p>Es ist auf Rum\u00e4nisch erschienen:<\/p>\n<p><a href=\"http:\/\/annekatrinpuhle.de\/blog\/wp-content\/uploads\/Traumbuch-ruma\u0308nisch.jpg\"><img loading=\"lazy\" decoding=\"async\" class=\"alignnone size-medium wp-image-3053\" src=\"http:\/\/annekatrinpuhle.de\/blog\/wp-content\/uploads\/Traumbuch-ruma\u0308nisch-224x300.jpg\" alt=\"\" width=\"224\" height=\"300\" srcset=\"https:\/\/annekatrinpuhle.de\/blog\/wp-content\/uploads\/Traumbuch-ruma\u0308nisch-224x300.jpg 224w, https:\/\/annekatrinpuhle.de\/blog\/wp-content\/uploads\/Traumbuch-ruma\u0308nisch.jpg 408w\" sizes=\"auto, (max-width: 224px) 100vw, 224px\" \/><\/a><\/p>\n<p>Das Video zu meinen Trauminkubation-Seminaren:<\/p>\n<p><iframe loading=\"lazy\" title=\"Trauminkubation\" width=\"500\" height=\"281\" src=\"https:\/\/www.youtube.com\/embed\/GEi_jcva2YM?feature=oembed\" frameborder=\"0\" allow=\"accelerometer; autoplay; clipboard-write; encrypted-media; gyroscope; picture-in-picture; web-share\" referrerpolicy=\"strict-origin-when-cross-origin\" allowfullscreen><\/iframe><\/p>\n<p>Podcast \u00fcber Tr\u00e4ume:<\/p>\n<p><iframe loading=\"lazy\" title=\"Adx 130 Annekatrin Puhle - Dreams Of The Dead\" width=\"100%\" height=\"120\" src=\"https:\/\/www.mixcloud.com\/widget\/iframe\/?feed=https%3A%2F%2Fwww.mixcloud.com%2Falyson-dunlop%2Fadx-130-annekatrin-puhle-dreams-of-the-dead%2F&amp;hide_cover=1\" frameborder=\"0\"><\/iframe><\/p>\n<p><strong>Lob f\u00fcr das Buch:<\/strong><\/p>\n<p>Frau <strong>Mechthild Scheffer<\/strong>, internationle Fach-Autorit\u00e4t auf dem Geiet der Original Bachbl\u00fctentherapie und Gr\u00fcnderin des Instituts f\u00fcr Bachbl\u00fctentherapie, schrieb mir zum Buch mit der Erlaubnis, es zu ver\u00f6ffentlichen (9.10.2018):<\/p>\n<p>&#8220;Jeder, der sich in irgendeiner Weise \u00fcber Tr\u00e4ume informieren will findet hier ein umfangreiches und sehr spannend zu lesendes Lehr \u2013und Lesebuch, das keine Fragen offen l\u00e4sst. Ein neues Standardwerk zum Thema Tr\u00e4umen?! Ich werde es weiterempfehlen.&#8221;<\/p>\n<p><strong>Rezensionen zum Buch:<\/strong><\/p>\n<p><a href=\"https:\/\/www.amazon.de\/Das-gro%C3%9Fe-Buch-vom-Tr%C3%A4umen\/product-reviews\/3890607195\/ref=cm_cr_dp_d_show_all_btm?ie=UTF8&amp;reviewerType=all_reviews\">https:\/\/www.amazon.de\/Das-gro%C3%9Fe-Buch-vom-Tr%C3%A4umen\/product-reviews\/3890607195\/ref=cm_cr_dp_d_show_all_btm?ie=UTF8&amp;reviewerType=all_reviews<\/a><\/p>\n<p><strong>H\u00f6rproben zum Buch:<\/strong><\/p>\n<p><strong><a href=\"https:\/\/www.youtube.com\/watch?v=vzoACm3r0Lo\">https:\/\/www.youtube.com\/watch?v=vzoACm3r0Lo<\/a><\/strong><\/p>\n<p><strong><a href=\"https:\/\/www.youtube.com\/watch?v=z4wWVahPAas\">https:\/\/www.youtube.com\/watch?v=z4wWVahPAas<\/a><\/strong><\/p>\n<div>Sie k\u00f6nnen es in Ihrem Buchladen kaufen oder direkt beim Verlag bestellen:<\/div>\n<p>https:\/\/shop.neueerde.de\/Themen\/Lebenshilfe\/Das-grosse-Buch-vom-Traeumen.html<\/p>\n<div dir=\"auto\"><strong>Mehr Lob f\u00fcr das Buch:<\/strong><\/div>\n<div dir=\"auto\">\u00a0<\/div>\n<div dir=\"auto\"><i>Das gro\u00dfe Buch vom Tr\u00e4umen<\/i><\/div>\n<div dir=\"auto\">\u00a0<\/div>\n<div dir=\"auto\"><i>Ich habe dieses Buch von einer Freundin geschenkt bekommen und kann es nur empfehlen.Die Autorin, Gesundheitsberaterin und Philosophin, informiert auf eine gr\u00fcndliche und zugleich leicht zug\u00e4ngliche Weise \u00fcber die Voraussetzungen f\u00fcr einen guten Schlaf und f\u00fchrt uns in die Welt der Tr\u00e4ume ein. Was k\u00f6nnen Tr\u00e4ume symbolisieren, wie kann ich sie deuten? Und ein f\u00fcr mich ganz neuer Gedanke, der mir gef\u00e4llt: Aus Bruchst\u00fccken seiner Tr\u00e4ume, eigene Geschichtem zu entwickeln und zu schreiben.<\/i><\/div>\n<div dir=\"auto\"><i>Tr\u00e4ume k\u00f6nnen uns helfen, transzendente Erfahrungen zu machen., unser Bewusstsein erweitern, mit Anderen in Kontakt kommen, Dinge voraussehen. Dies alles ist sehr interessant und fundiert geschrieben und man versteht, dass Tr\u00e4ume uns helfen, Situationen zu erkennen und zu verarbeiten und sie werden so ein wichtiger Wegweiser in unserem Leben, weit \u00fcber das Materielle hinaus.<\/i><\/div>\n<div dir=\"auto\"><i>\u00a0<\/i><\/div>\n<div dir=\"auto\"><i>Annette Fr\u00fch<\/i><\/div>\n<p><strong>Es gibt noch mehr Reviews auf Amazon und LovelyBooks, und sehen Sie auch hier die Kommentare:<\/strong><\/p>\n<p>https:\/\/www.jpc.de\/jpcng\/books\/detail\/-\/art\/annekatrin-puhle-das-grosse-buch-vom-traeumen\/hnum\/7983593?allreviews=1<strong><br \/><\/strong><\/p>\n<p><\/p><\/p>\n","protected":false},"excerpt":{"rendered":"<p>Das grosse Buch vom Tr\u00e4umen. Wie Sie gut schlafen und etwas Sch\u00f6nes tr\u00e4umen. Saarbr\u00fccken: Neue Erde. 256 Seiten. ISBN 978-3-89060-719-1 E-Book: https:\/\/amzn.eu\/d\/0gpU5PLh H\u00f6rbuch: https:\/\/www.audible.de\/pd\/B0DCPC1PSP\/?source_code=EKAORWS0223189009-BK-ACX0-409219&amp;ref=acx_bty_BK_ACX0_409219_rh_de Es ist auf Rum\u00e4nisch erschienen: Das Video zu meinen Trauminkubation-Seminaren: Podcast \u00fcber Tr\u00e4ume: Lob f\u00fcr das Buch: Frau Mechthild Scheffer, internationle Fach-Autorit\u00e4t auf dem Geiet der Original Bachbl\u00fctentherapie und Gr\u00fcnderin des [&hellip;]<\/p>\n","protected":false},"author":1,"featured_media":0,"parent":0,"menu_order":0,"comment_status":"open","ping_status":"closed","template":"","meta":{"footnotes":""},"class_list":["post-1714","page","type-page","status-publish","hentry"],"_links":{"self":[{"href":"https:\/\/annekatrinpuhle.de\/blog\/index.php?rest_route=\/wp\/v2\/pages\/1714","targetHints":{"allow":["GET"]}}],"collection":[{"href":"https:\/\/annekatrinpuhle.de\/blog\/index.php?rest_route=\/wp\/v2\/pages"}],"about":[{"href":"https:\/\/annekatrinpuhle.de\/blog\/index.php?rest_route=\/wp\/v2\/types\/page"}],"author":[{"embeddable":true,"href":"https:\/\/annekatrinpuhle.de\/blog\/index.php?rest_route=\/wp\/v2\/users\/1"}],"replies":[{"embeddable":true,"href":"https:\/\/annekatrinpuhle.de\/blog\/index.php?rest_route=%2Fwp%2Fv2%2Fcomments&post=1714"}],"version-history":[{"count":26,"href":"https:\/\/annekatrinpuhle.de\/blog\/index.php?rest_route=\/wp\/v2\/pages\/1714\/revisions"}],"predecessor-version":[{"id":3480,"href":"https:\/\/annekatrinpuhle.de\/blog\/index.php?rest_route=\/wp\/v2\/pages\/1714\/revisions\/3480"}],"wp:attachment":[{"href":"https:\/\/annekatrinpuhle.de\/blog\/index.php?rest_route=%2Fwp%2Fv2%2Fmedia&parent=1714"}],"curies":[{"name":"wp","href":"https:\/\/api.w.org\/{rel}","templated":true}]}}