{"id":3587,"date":"2026-02-24T16:51:37","date_gmt":"2026-02-24T14:51:37","guid":{"rendered":"https:\/\/annekatrinpuhle.de\/blog\/?page_id=3587"},"modified":"2026-02-24T17:07:16","modified_gmt":"2026-02-24T15:07:16","slug":"germanfachaufsatz-unendliches-bewusstsein-germanenglishendless-consciousness-english","status":"publish","type":"page","link":"https:\/\/annekatrinpuhle.de\/blog\/?page_id=3587","title":{"rendered":"Fachaufsatz: Unendliches Bewusstsein?"},"content":{"rendered":"<p>Unser Papier \u00fcber die ultimate Frage, ob das Bewusstsein unendlich ist, erschien zun\u00e4chst auf Schwedisch: Adrian Parker och Annekatrin Puhle: Den ultimata fragen: \u00c4r medvetandet O\u00e4ndligt? In G\u00f6ran Brusewitz und Tomas Videgard (Hrsg): &#8220;Vart M\u00e4rkliga Medvetande&#8221; (Unser merkw\u00fcrdiges Bewusstsein), Vorwort von Stanley Krippner. Stockholm: Lava, 2026, S. 437-448.<\/p>\n","protected":false},"excerpt":{"rendered":"<p>Unser Papier \u00fcber die ultimate Frage, ob das Bewusstsein unendlich ist, erschien zun\u00e4chst auf Schwedisch: Adrian Parker och Annekatrin Puhle: Den ultimata fragen: \u00c4r medvetandet O\u00e4ndligt? In G\u00f6ran Brusewitz und Tomas Videgard (Hrsg): &#8220;Vart M\u00e4rkliga Medvetande&#8221; (Unser merkw\u00fcrdiges Bewusstsein), Vorwort von Stanley Krippner. Stockholm: Lava, 2026, S. 437-448.<\/p>\n","protected":false},"author":1,"featured_media":0,"parent":0,"menu_order":0,"comment_status":"closed","ping_status":"closed","template":"","meta":{"footnotes":""},"class_list":["post-3587","page","type-page","status-publish","hentry"],"_links":{"self":[{"href":"https:\/\/annekatrinpuhle.de\/blog\/index.php?rest_route=\/wp\/v2\/pages\/3587","targetHints":{"allow":["GET"]}}],"collection":[{"href":"https:\/\/annekatrinpuhle.de\/blog\/index.php?rest_route=\/wp\/v2\/pages"}],"about":[{"href":"https:\/\/annekatrinpuhle.de\/blog\/index.php?rest_route=\/wp\/v2\/types\/page"}],"author":[{"embeddable":true,"href":"https:\/\/annekatrinpuhle.de\/blog\/index.php?rest_route=\/wp\/v2\/users\/1"}],"replies":[{"embeddable":true,"href":"https:\/\/annekatrinpuhle.de\/blog\/index.php?rest_route=%2Fwp%2Fv2%2Fcomments&post=3587"}],"version-history":[{"count":6,"href":"https:\/\/annekatrinpuhle.de\/blog\/index.php?rest_route=\/wp\/v2\/pages\/3587\/revisions"}],"predecessor-version":[{"id":3596,"href":"https:\/\/annekatrinpuhle.de\/blog\/index.php?rest_route=\/wp\/v2\/pages\/3587\/revisions\/3596"}],"wp:attachment":[{"href":"https:\/\/annekatrinpuhle.de\/blog\/index.php?rest_route=%2Fwp%2Fv2%2Fmedia&parent=3587"}],"curies":[{"name":"wp","href":"https:\/\/api.w.org\/{rel}","templated":true}]}}